{"id":483,"date":"2022-05-13T07:54:52","date_gmt":"2022-05-13T07:54:52","guid":{"rendered":"http:\/\/rvz-wesermarsch.de\/?page_id=483"},"modified":"2025-09-02T10:28:14","modified_gmt":"2025-09-02T10:28:14","slug":"suchtberatung","status":"publish","type":"page","link":"https:\/\/rvz-wesermarsch.de\/index.php\/suchtberatung\/","title":{"rendered":"Suchtberatung"},"content":{"rendered":"<div>\n<p>    <img decoding=\"async\" src=\"\/wp-content\/uploads\/2022\/05\/suchtberatung_gruen_2.svg\" alt=\"\"><\/p>\n<\/div>\n<h1>Sucht&shy;beratung \u2013<br \/> Rose 12 Wesermarsch<\/h1>\n<div>\n<p>        <img decoding=\"async\" src=\"\/wp-content\/uploads\/2022\/05\/1000_F_194956273_1H0OnbllSoFdXC2lfRqFPGABjduIuLxl.jpg\" alt=\"\"><\/p>\n<h2>Kontakt<\/h2>\n<div>\n<p><strong>Rose 12 Wesermarsch<\/strong><br \/><strong>Fachstelle f\u00fcr Sucht und Suchtpr\u00e4vention<\/strong><br \/>Ilsestra\u00dfe 15<br \/>26954 Nordenham<\/p>\n<p><strong>Telefon:<\/strong> 04731 310992<br \/><strong>Fax:<\/strong> 04731 3635173<br \/><strong>E-Mail:<\/strong><span>\u00a0<\/span><a href=\"mailto:wesermarsch@step-niedersachsen.de\">wesermarsch@step-niedersachsen.de<\/a><br \/><strong>Sprechzeiten mit vorheriger Terminabsprache<\/strong><\/p>\n<\/div>\n<\/div>\n<div>Sofortige Unterst\u00fctzung \u2013 anonym und kostenlos<\/div>\n<h2>Suchtberatung <em>Rose 12 Wesermarsch<\/em><\/h2>\n<div>\n<p>Wenn Sie sich Gedanken \u00fcber Drogenkonsum machen, bekommen Sie von uns notwendige Hilfen &#8211; auch f\u00fcr Ihre Angeh\u00f6rigen. Bei uns erhalten Sie Unterst\u00fctzung sofort, anonym und kostenlos.<\/p>\n<p>Unsere Beratung ist sicher! Auch in Zeiten von Corona sind wir pers\u00f6nlich f\u00fcr Sie da. Wir beraten Sie zu Ihren Fragen und passenden Hilfen. Dabei achten wir auf Abstand und erkl\u00e4ren Ihnen unser Hygienekonzept. Sie haben Fragen zu Cannabis, illegalen Drogen, Alkohol oder auch Gl\u00fccksspiel &#8211; unsere Suchtberatung wird Ihnen weiterhelfen. Sehr verschiedene Wege f\u00fchren zum pers\u00f6nlichen Ziel und so geben wir Ihnen passende Hilfsangebote.<\/p>\n<p>Sucht ist ein Thema, das uns alle betreffen kann. Die Beratung spielt eine zentrale Rolle, um Ver\u00e4nderungen in der Abh\u00e4ngigkeitserkrankung zu beginnen.<\/p>\n<p>Wir beraten Betroffene, deren Eltern, Partner*in und Freunde und beantworten alle Fragen zu Konsumverhalten und Suchtgefahren. Unserer Suchtberatung ist anonym, kostenlos, und wir unterliegen der Schweigepflicht.<\/p>\n<p>Wenn Sie es w\u00fcnschen, kommen wir zu Ihnen ins Unternehmen, wir gehen in Schulen und planen mit Ihnen Gesundheitstage und Seminare.<\/p>\n<p>Wir sind f\u00fcr Sie da, wenn Sie Informationen und praktischen Rat ben\u00f6tigen. Die erste Entscheidung, ist zu uns zu kommen. Gemeinsam mit der Rose 12 Oldenburg und Ammerland erg\u00e4nzen wir uns als Netzwerk. Au\u00dferdem erreichen Sie uns jeden Mittwoch in unserer Nebenstelle in Brake. Wenn Sie Ihre Fragen lieber von zuhause stellen, versuchen Sie unsere Online-Beratung.<\/p>\n<\/div>\n<div>\n<p>    <img decoding=\"async\" src=\"\/wp-content\/uploads\/2022\/05\/rose12logo.svg\" alt=\"\"><\/p>\n<h2>Rose 12 Wesermarsch<\/h2>\n<div>\n<p>Die Suchtberatung Rose 12 wird gef\u00f6rdert durch das Land Niedersachsen und den Landkreis Wesermarsch.<\/p>\n<\/div>\n<p><a href=\"https:\/\/step-niedersachsen.de\/einrichtungen\/rose-12-wesermarsch\"><span uk-icon=\"icon: arrow-right; ratio: 1.4\"><\/span><\/a><\/p>\n<\/div>\n<div>\n<p>    <img decoding=\"async\" src=\"\/wp-content\/uploads\/photo-1556761175-5973dc0f32e7-scaled.jpg\" alt=\"\"><\/p>\n<h2>Seminare<\/h2>\n<div>Zus\u00e4tzlich zu Einzel- und Gruppentherapien bieten wir Ihnen Intensivseminare zu bestimmten Themen an.<\/div>\n<p><a href=\"https:\/\/step-niedersachsen.de\/magazin\/veranstaltungen\"><span uk-icon=\"icon: arrow-right; ratio: 1.4\"><\/span><\/a><\/p>\n<\/div>\n<p><!--more--><br \/>\n<!-- {\"name\":\"hebammen\",\"type\":\"layout\",\"children\":[{\"name\":\"Hero\",\"type\":\"section\",\"props\":{\"animation_delay\":false,\"header_transparent\":true,\"header_transparent_text_color\":\"dark\",\"height\":\"viewport\",\"height_offset_top\":true,\"height_viewport\":80,\"image\":\"wp-content\\\/uploads\\\/2022\\\/05\\\/header_suchtberatung_6.jpg\",\"image_effect\":\"parallax\",\"image_parallax_bgy\":\"-80,0\",\"image_parallax_breakpoint\":\"m\",\"image_parallax_easing\":\"1\",\"image_position\":\"center-center\",\"image_size\":\"cover\",\"image_width\":\"2560\",\"padding\":\"large\",\"padding_remove_top\":false,\"style\":\"default\",\"title_breakpoint\":\"xl\",\"title_position\":\"top-left\",\"title_rotation\":\"left\",\"vertical_align\":\"bottom\",\"width\":\"expand\"},\"children\":[{\"type\":\"row\",\"children\":[{\"type\":\"column\",\"props\":{\"image_position\":\"center-center\",\"position_sticky_breakpoint\":\"m\",\"width_medium\":\"3-5\"}},{\"type\":\"column\",\"props\":{\"image_position\":\"center-center\",\"position_sticky_breakpoint\":\"m\",\"width_medium\":\"2-5\"},\"children\":[{\"type\":\"grid\",\"props\":{\"block_align_breakpoint\":\"m\",\"block_align_fallback\":\"center\",\"content_column_breakpoint\":\"m\",\"filter_align\":\"left\",\"filter_all\":true,\"filter_grid_breakpoint\":\"m\",\"filter_grid_width\":\"auto\",\"filter_position\":\"top\",\"filter_style\":\"tab\",\"grid_default\":\"2\",\"grid_medium\":\"2\",\"icon_color\":\"emphasis\",\"icon_width\":80,\"image_align\":\"top\",\"image_grid_breakpoint\":\"m\",\"image_grid_width\":\"1-2\",\"image_svg_color\":\"emphasis\",\"image_svg_inline\":true,\"image_width\":\"60\",\"item_animation\":true,\"lightbox_bg_close\":true,\"link_style\":\"default\",\"link_text\":\"Read more\",\"margin\":\"default\",\"maxwidth\":\"small\",\"meta_align\":\"below-title\",\"meta_element\":\"div\",\"meta_style\":\"text-meta\",\"parallax_easing\":\"1\",\"show_content\":true,\"show_hover_image\":true,\"show_hover_video\":true,\"show_image\":true,\"show_link\":true,\"show_meta\":true,\"show_title\":true,\"show_video\":true,\"text_align\":\"left\",\"text_align_breakpoint\":\"m\",\"text_align_fallback\":\"center\",\"title_align\":\"top\",\"title_element\":\"h3\",\"title_grid_breakpoint\":\"m\",\"title_grid_width\":\"1-2\",\"title_hover_style\":\"reset\"},\"children\":[{\"type\":\"grid_item\",\"props\":{\"image\":\"wp-content\\\/uploads\\\/2022\\\/05\\\/suchtberatung_gruen_2.svg\"}}]},{\"type\":\"headline\",\"props\":{\"animation\":\"none\",\"content\":\"Sucht&shy;beratung \\u2013<br \\\/> Rose 12 Wesermarsch\",\"text_align\":\"left\",\"text_align_breakpoint\":\"s\",\"text_align_fallback\":\"center\",\"title_element\":\"h1\",\"title_style\":\"heading-medium\"}}]}],\"props\":{\"layout\":\"3-5,2-5\",\"margin\":\"remove-vertical\",\"row_gap\":\"collapse\"}}]},{\"type\":\"section\",\"props\":{\"image_position\":\"center-center\",\"padding\":\"large\",\"padding_remove_bottom\":false,\"padding_remove_top\":false,\"style\":\"default\",\"title_breakpoint\":\"xl\",\"title_position\":\"top-left\",\"title_rotation\":\"left\",\"vertical_align\":\"\",\"width\":\"\"},\"children\":[{\"type\":\"row\",\"children\":[{\"type\":\"column\",\"props\":{\"image_position\":\"center-center\",\"padding\":\"xlarge\",\"position_sticky_breakpoint\":\"m\",\"width_medium\":\"1-3\"},\"children\":[{\"type\":\"panel\",\"props\":{\"content\":\"\n\n<p><strong>Rose 12 Wesermarsch<\\\/strong><br \\\/><strong>Fachstelle f\\u00fcr Sucht und Suchtpr\\u00e4vention<\\\/strong><br \\\/>Ilsestra\\u00dfe 15<br \\\/>26954 Nordenham<\\\/p>\\n\n\n<p><strong>Telefon:<\\\/strong> 04731 310992<br \\\/><strong>Fax:<\\\/strong> 04731 3635173<br \\\/><strong>E-Mail:<\\\/strong><span>\\u00a0<\\\/span><a href=\\\"mailto:wesermarsch@step-niedersachsen.de\\\">wesermarsch@step-niedersachsen.de<\\\/a><br \\\/><strong>Sprechzeiten mit vorheriger Terminabsprache<\\\/strong><\\\/p>\",\"content_column_breakpoint\":\"m\",\"icon_width\":80,\"image\":\"wp-content\\\/uploads\\\/2022\\\/05\\\/1000_F_194956273_1H0OnbllSoFdXC2lfRqFPGABjduIuLxl.jpg\",\"image_align\":\"top\",\"image_grid_breakpoint\":\"m\",\"image_grid_width\":\"1-2\",\"image_svg_color\":\"emphasis\",\"link_style\":\"default\",\"link_target\":false,\"link_text\":\"Zur Rose 12 Website\",\"margin\":\"default\",\"meta_align\":\"below-title\",\"meta_element\":\"div\",\"meta_style\":\"text-meta\",\"panel_image_no_padding\":true,\"panel_padding\":\"default\",\"panel_style\":\"tile-primary\",\"title\":\"Kontakt\",\"title_align\":\"top\",\"title_element\":\"h2\",\"title_grid_breakpoint\":\"m\",\"title_grid_width\":\"1-2\",\"title_hover_style\":\"reset\",\"title_style\":\"h3\"}}]},{\"type\":\"column\",\"props\":{\"css\":\"@media (max-width: 959px) { \\n\\t.el-column { padding-bottom: 40px; }\\n}\\n\\n@media (min-width: 960px) { \\n    .el-column { padding-right: 40px; } \\n}\",\"image_position\":\"center-center\",\"position_sticky_breakpoint\":\"m\",\"vertical_align\":\"middle\",\"width_medium\":\"2-3\"},\"children\":[{\"type\":\"headline\",\"props\":{\"content\":\"Sofortige Unterst\\u00fctzung \\u2013 anonym und kostenlos\",\"margin\":\"remove-vertical\",\"title_color\":\"danger\",\"title_element\":\"div\",\"title_style\":\"h4\"}},{\"type\":\"headline\",\"props\":{\"content\":\"Suchtberatung <em>Rose 12 Wesermarsch<\\\/em>\",\"margin\":\"small\",\"title_element\":\"h2\",\"title_style\":\"heading-small\"}},{\"type\":\"text\",\"props\":{\"column\":\"1-2\",\"column_breakpoint\":\"m\",\"content\":\"\n\n<p>Wenn Sie sich Gedanken \\u00fcber Drogenkonsum machen, bekommen Sie von uns notwendige Hilfen - auch f\\u00fcr Ihre Angeh\\u00f6rigen. Bei uns erhalten Sie Unterst\\u00fctzung sofort, anonym und kostenlos.<\\\/p>\\n\n\n<p>Unsere Beratung ist sicher! Auch in Zeiten von Corona sind wir pers\\u00f6nlich f\\u00fcr Sie da. Wir beraten Sie zu Ihren Fragen und passenden Hilfen. Dabei achten wir auf Abstand und erkl\\u00e4ren Ihnen unser Hygienekonzept. Sie haben Fragen zu Cannabis, illegalen Drogen, Alkohol oder auch Gl\\u00fccksspiel - unsere Suchtberatung wird Ihnen weiterhelfen. Sehr verschiedene Wege f\\u00fchren zum pers\\u00f6nlichen Ziel und so geben wir Ihnen passende Hilfsangebote.<\\\/p>\\n\n\n<p>Sucht ist ein Thema, das uns alle betreffen kann. Die Beratung spielt eine zentrale Rolle, um Ver\\u00e4nderungen in der Abh\\u00e4ngigkeitserkrankung zu beginnen.<\\\/p>\\n\n\n<p>Wir beraten Betroffene, deren Eltern, Partner*in und Freunde und beantworten alle Fragen zu Konsumverhalten und Suchtgefahren. Unserer Suchtberatung ist anonym, kostenlos, und wir unterliegen der Schweigepflicht.<\\\/p>\\n\n\n<p>Wenn Sie es w\\u00fcnschen, kommen wir zu Ihnen ins Unternehmen, wir gehen in Schulen und planen mit Ihnen Gesundheitstage und Seminare.<\\\/p>\\n\n\n<p>Wir sind f\\u00fcr Sie da, wenn Sie Informationen und praktischen Rat ben\\u00f6tigen. Die erste Entscheidung, ist zu uns zu kommen. Gemeinsam mit der Rose 12 Oldenburg und Ammerland erg\\u00e4nzen wir uns als Netzwerk. Au\\u00dferdem erreichen Sie uns jeden Mittwoch in unserer Nebenstelle in Brake. Wenn Sie Ihre Fragen lieber von zuhause stellen, versuchen Sie unsere Online-Beratung.<\\\/p>\",\"margin\":\"default\",\"maxwidth_breakpoint\":\"m\"}}]}],\"props\":{\"layout\":\"1-3,2-3\",\"width\":\"large\"}}],\"name\":\"About\"},{\"type\":\"section\",\"props\":{\"image_position\":\"center-center\",\"padding\":\"large\",\"padding_remove_top\":true,\"style\":\"default\",\"title_breakpoint\":\"xl\",\"title_position\":\"top-left\",\"title_rotation\":\"left\",\"vertical_align\":\"\",\"width\":\"large\"},\"children\":[{\"type\":\"row\",\"children\":[{\"type\":\"column\",\"props\":{\"image_position\":\"center-center\",\"position_sticky_breakpoint\":\"m\",\"width_medium\":\"1-2\"},\"children\":[{\"type\":\"grid\",\"props\":{\"content_column_breakpoint\":\"m\",\"filter_align\":\"left\",\"filter_all\":true,\"filter_grid_breakpoint\":\"m\",\"filter_grid_width\":\"auto\",\"filter_position\":\"top\",\"filter_style\":\"tab\",\"grid_default\":\"1\",\"grid_medium\":\"1\",\"icon_width\":80,\"image_align\":\"left\",\"image_grid_breakpoint\":\"\",\"image_grid_width\":\"2-5\",\"image_link\":true,\"image_svg_color\":\"emphasis\",\"image_vertical_align\":true,\"image_width\":\"120\",\"item_animation\":true,\"lightbox_bg_close\":true,\"link_style\":\"default\",\"link_text\":\"<span uk-icon=\\\"icon: arrow-right; ratio: 1.4\\\"><\\\/span>\",\"margin\":\"medium\",\"meta_align\":\"above-title\",\"meta_element\":\"div\",\"meta_margin\":\"small\",\"meta_style\":\"\",\"panel_image_no_padding\":false,\"panel_link\":true,\"panel_link_hover\":\"true\",\"panel_padding\":\"default\",\"panel_style\":\"tile-muted\",\"parallax_easing\":\"1\",\"position\":\"relative\",\"position_z_index\":\"1\",\"show_content\":true,\"show_hover_image\":true,\"show_hover_video\":true,\"show_image\":true,\"show_link\":true,\"show_meta\":true,\"show_title\":true,\"show_video\":true,\"title_align\":\"top\",\"title_element\":\"h2\",\"title_grid_breakpoint\":\"m\",\"title_grid_width\":\"1-2\",\"title_hover_style\":\"reset\",\"title_link\":false,\"title_style\":\"h3\"},\"children\":[{\"type\":\"grid_item\",\"props\":{\"content\":\"\n\n<p>Die Suchtberatung Rose 12 wird gef\\u00f6rdert durch das Land Niedersachsen und den Landkreis Wesermarsch.<\\\/p>\",\"image\":\"wp-content\\\/uploads\\\/2022\\\/05\\\/rose12logo.svg\",\"link\":\"https:\\\/\\\/step-niedersachsen.de\\\/einrichtungen\\\/rose-12-wesermarsch\",\"meta\":\"\",\"title\":\"Rose 12 Wesermarsch\"}}],\"modified\":\"2021-07-27T08:22:49.412Z\"}]},{\"type\":\"column\",\"props\":{\"image_position\":\"center-center\",\"position_sticky_breakpoint\":\"m\",\"width_medium\":\"1-2\"},\"children\":[{\"type\":\"grid\",\"props\":{\"content_column_breakpoint\":\"m\",\"filter_align\":\"left\",\"filter_all\":true,\"filter_grid_breakpoint\":\"m\",\"filter_grid_width\":\"auto\",\"filter_position\":\"top\",\"filter_style\":\"tab\",\"grid_default\":\"1\",\"grid_medium\":\"1\",\"icon_width\":80,\"image_align\":\"left\",\"image_grid_breakpoint\":\"\",\"image_grid_width\":\"2-5\",\"image_height\":\"610\",\"image_link\":false,\"image_svg_color\":\"emphasis\",\"image_vertical_align\":true,\"image_width\":\"610\",\"item_animation\":true,\"lightbox_bg_close\":true,\"link_style\":\"default\",\"link_text\":\"<span uk-icon=\\\"icon: arrow-right; ratio: 1.4\\\"><\\\/span>\",\"margin\":\"medium\",\"meta_align\":\"above-title\",\"meta_element\":\"div\",\"meta_margin\":\"small\",\"meta_style\":\"\",\"panel_image_no_padding\":true,\"panel_link\":true,\"panel_link_hover\":\"true\",\"panel_padding\":\"default\",\"panel_style\":\"tile-muted\",\"parallax_easing\":\"1\",\"position\":\"relative\",\"position_z_index\":\"1\",\"show_content\":true,\"show_hover_image\":true,\"show_hover_video\":true,\"show_image\":true,\"show_link\":true,\"show_meta\":true,\"show_title\":true,\"show_video\":true,\"title_align\":\"top\",\"title_element\":\"h2\",\"title_grid_breakpoint\":\"m\",\"title_grid_width\":\"1-2\",\"title_hover_style\":\"reset\",\"title_link\":false,\"title_style\":\"h3\"},\"children\":[{\"type\":\"grid_item\",\"props\":{\"content\":\"Zus\\u00e4tzlich zu Einzel- und Gruppentherapien bieten wir Ihnen Intensivseminare zu bestimmten Themen an.\",\"image\":\"wp-content\\\/uploads\\\/photo-1556761175-5973dc0f32e7-scaled.jpg\",\"link\":\"https:\\\/\\\/step-niedersachsen.de\\\/magazin\\\/veranstaltungen\",\"meta\":\"\",\"title\":\"Seminare\"}}],\"modified\":\"2021-07-27T08:22:49.412Z\"}]}],\"props\":{\"layout\":\"1-2,1-2\"}}],\"name\":\"Doctors\"}],\"version\":\"4.5.25\"} --><\/p>\n","protected":false},"excerpt":{"rendered":"<p>Sucht&shy;beratung \u2013 Rose 12 Wesermarsch Kontakt Rose 12 WesermarschFachstelle f\u00fcr Sucht und Suchtpr\u00e4ventionIlsestra\u00dfe 1526954 Nordenham Telefon: 04731 310992Fax: 04731 3635173E-Mail:\u00a0wesermarsch@step-niedersachsen.deSprechzeiten mit vorheriger Terminabsprache Sofortige Unterst\u00fctzung \u2013 anonym und kostenlos Suchtberatung Rose 12 Wesermarsch Wenn Sie sich Gedanken \u00fcber Drogenkonsum machen, bekommen Sie von uns notwendige Hilfen &#8211; auch f\u00fcr Ihre Angeh\u00f6rigen. Bei uns erhalten Sie [&hellip;]<\/p>\n","protected":false},"author":2,"featured_media":0,"parent":0,"menu_order":0,"comment_status":"closed","ping_status":"closed","template":"","meta":{"footnotes":""},"class_list":["post-483","page","type-page","status-publish","hentry"],"yoast_head":"<!-- This site is optimized with the Yoast SEO plugin v27.1.1 - https:\/\/yoast.com\/product\/yoast-seo-wordpress\/ -->\n<title>Suchtberatung - RVZ Wesermarsch-Nord<\/title>\n<meta name=\"description\" content=\"Wenn Sie sich Gedanken \u00fcber Drogenkonsum machen, bekommen Sie von uns notwendige Hilfen. Sie Unterst\u00fctzung sofort, anonym und kostenlos.\" \/>\n<meta name=\"robots\" content=\"index, follow, max-snippet:-1, max-image-preview:large, max-video-preview:-1\" \/>\n<link rel=\"canonical\" href=\"https:\/\/rvz-wesermarsch.de\/index.php\/suchtberatung\/\" \/>\n<meta property=\"og:locale\" content=\"de_DE\" \/>\n<meta property=\"og:type\" content=\"article\" \/>\n<meta property=\"og:title\" content=\"Suchtberatung - RVZ Wesermarsch-Nord\" \/>\n<meta property=\"og:description\" content=\"Wenn Sie sich Gedanken \u00fcber Drogenkonsum machen, bekommen Sie von uns notwendige Hilfen. Sie Unterst\u00fctzung sofort, anonym und kostenlos.\" \/>\n<meta property=\"og:url\" content=\"https:\/\/rvz-wesermarsch.de\/index.php\/suchtberatung\/\" \/>\n<meta property=\"og:site_name\" content=\"RVZ Wesermarsch-Nord\" \/>\n<meta property=\"article:modified_time\" content=\"2025-09-02T10:28:14+00:00\" \/>\n<meta name=\"twitter:card\" content=\"summary_large_image\" \/>\n<meta name=\"twitter:label1\" content=\"Gesch\u00e4tzte Lesezeit\" \/>\n\t<meta name=\"twitter:data1\" content=\"1\u00a0Minute\" \/>\n<script type=\"application\/ld+json\" class=\"yoast-schema-graph\">{\"@context\":\"https:\/\/schema.org\",\"@graph\":[{\"@type\":\"WebPage\",\"@id\":\"https:\/\/rvz-wesermarsch.de\/index.php\/suchtberatung\/\",\"url\":\"https:\/\/rvz-wesermarsch.de\/index.php\/suchtberatung\/\",\"name\":\"Suchtberatung - RVZ Wesermarsch-Nord\",\"isPartOf\":{\"@id\":\"https:\/\/rvz-wesermarsch.de\/#website\"},\"datePublished\":\"2022-05-13T07:54:52+00:00\",\"dateModified\":\"2025-09-02T10:28:14+00:00\",\"description\":\"Wenn Sie sich Gedanken \u00fcber Drogenkonsum machen, bekommen Sie von uns notwendige Hilfen. Sie Unterst\u00fctzung sofort, anonym und kostenlos.\",\"breadcrumb\":{\"@id\":\"https:\/\/rvz-wesermarsch.de\/index.php\/suchtberatung\/#breadcrumb\"},\"inLanguage\":\"de\",\"potentialAction\":[{\"@type\":\"ReadAction\",\"target\":[\"https:\/\/rvz-wesermarsch.de\/index.php\/suchtberatung\/\"]}]},{\"@type\":\"BreadcrumbList\",\"@id\":\"https:\/\/rvz-wesermarsch.de\/index.php\/suchtberatung\/#breadcrumb\",\"itemListElement\":[{\"@type\":\"ListItem\",\"position\":1,\"name\":\"Startseite\",\"item\":\"https:\/\/rvz-wesermarsch.de\/\"},{\"@type\":\"ListItem\",\"position\":2,\"name\":\"Suchtberatung\"}]},{\"@type\":\"WebSite\",\"@id\":\"https:\/\/rvz-wesermarsch.de\/#website\",\"url\":\"https:\/\/rvz-wesermarsch.de\/\",\"name\":\"RVZ Wesermarsch-Nord\",\"description\":\"Ihr regionales Versorgungszentrum\",\"publisher\":{\"@id\":\"https:\/\/rvz-wesermarsch.de\/#organization\"},\"potentialAction\":[{\"@type\":\"SearchAction\",\"target\":{\"@type\":\"EntryPoint\",\"urlTemplate\":\"https:\/\/rvz-wesermarsch.de\/?s={search_term_string}\"},\"query-input\":{\"@type\":\"PropertyValueSpecification\",\"valueRequired\":true,\"valueName\":\"search_term_string\"}}],\"inLanguage\":\"de\"},{\"@type\":\"Organization\",\"@id\":\"https:\/\/rvz-wesermarsch.de\/#organization\",\"name\":\"Medizinisches Versorgungszentrum (MVZ) Wesermarsch-Nord GmbH\",\"url\":\"https:\/\/rvz-wesermarsch.de\/\",\"logo\":{\"@type\":\"ImageObject\",\"inLanguage\":\"de\",\"@id\":\"https:\/\/rvz-wesermarsch.de\/#\/schema\/logo\/image\/\",\"url\":\"https:\/\/rvz-wesermarsch.de\/wp-content\/uploads\/2022\/05\/B-MBE-20037_Logo_Regionales_Versorgungszentrum_WesermarschNord_RGB.png\",\"contentUrl\":\"https:\/\/rvz-wesermarsch.de\/wp-content\/uploads\/2022\/05\/B-MBE-20037_Logo_Regionales_Versorgungszentrum_WesermarschNord_RGB.png\",\"width\":8822,\"height\":3432,\"caption\":\"Medizinisches Versorgungszentrum (MVZ) Wesermarsch-Nord GmbH\"},\"image\":{\"@id\":\"https:\/\/rvz-wesermarsch.de\/#\/schema\/logo\/image\/\"}}]}<\/script>\n<!-- \/ Yoast SEO plugin. -->","yoast_head_json":{"title":"Suchtberatung - RVZ Wesermarsch-Nord","description":"Wenn Sie sich Gedanken \u00fcber Drogenkonsum machen, bekommen Sie von uns notwendige Hilfen. Sie Unterst\u00fctzung sofort, anonym und kostenlos.","robots":{"index":"index","follow":"follow","max-snippet":"max-snippet:-1","max-image-preview":"max-image-preview:large","max-video-preview":"max-video-preview:-1"},"canonical":"https:\/\/rvz-wesermarsch.de\/index.php\/suchtberatung\/","og_locale":"de_DE","og_type":"article","og_title":"Suchtberatung - RVZ Wesermarsch-Nord","og_description":"Wenn Sie sich Gedanken \u00fcber Drogenkonsum machen, bekommen Sie von uns notwendige Hilfen. Sie Unterst\u00fctzung sofort, anonym und kostenlos.","og_url":"https:\/\/rvz-wesermarsch.de\/index.php\/suchtberatung\/","og_site_name":"RVZ Wesermarsch-Nord","article_modified_time":"2025-09-02T10:28:14+00:00","twitter_card":"summary_large_image","twitter_misc":{"Gesch\u00e4tzte Lesezeit":"1\u00a0Minute"},"schema":{"@context":"https:\/\/schema.org","@graph":[{"@type":"WebPage","@id":"https:\/\/rvz-wesermarsch.de\/index.php\/suchtberatung\/","url":"https:\/\/rvz-wesermarsch.de\/index.php\/suchtberatung\/","name":"Suchtberatung - RVZ Wesermarsch-Nord","isPartOf":{"@id":"https:\/\/rvz-wesermarsch.de\/#website"},"datePublished":"2022-05-13T07:54:52+00:00","dateModified":"2025-09-02T10:28:14+00:00","description":"Wenn Sie sich Gedanken \u00fcber Drogenkonsum machen, bekommen Sie von uns notwendige Hilfen. Sie Unterst\u00fctzung sofort, anonym und kostenlos.","breadcrumb":{"@id":"https:\/\/rvz-wesermarsch.de\/index.php\/suchtberatung\/#breadcrumb"},"inLanguage":"de","potentialAction":[{"@type":"ReadAction","target":["https:\/\/rvz-wesermarsch.de\/index.php\/suchtberatung\/"]}]},{"@type":"BreadcrumbList","@id":"https:\/\/rvz-wesermarsch.de\/index.php\/suchtberatung\/#breadcrumb","itemListElement":[{"@type":"ListItem","position":1,"name":"Startseite","item":"https:\/\/rvz-wesermarsch.de\/"},{"@type":"ListItem","position":2,"name":"Suchtberatung"}]},{"@type":"WebSite","@id":"https:\/\/rvz-wesermarsch.de\/#website","url":"https:\/\/rvz-wesermarsch.de\/","name":"RVZ Wesermarsch-Nord","description":"Ihr regionales Versorgungszentrum","publisher":{"@id":"https:\/\/rvz-wesermarsch.de\/#organization"},"potentialAction":[{"@type":"SearchAction","target":{"@type":"EntryPoint","urlTemplate":"https:\/\/rvz-wesermarsch.de\/?s={search_term_string}"},"query-input":{"@type":"PropertyValueSpecification","valueRequired":true,"valueName":"search_term_string"}}],"inLanguage":"de"},{"@type":"Organization","@id":"https:\/\/rvz-wesermarsch.de\/#organization","name":"Medizinisches Versorgungszentrum (MVZ) Wesermarsch-Nord GmbH","url":"https:\/\/rvz-wesermarsch.de\/","logo":{"@type":"ImageObject","inLanguage":"de","@id":"https:\/\/rvz-wesermarsch.de\/#\/schema\/logo\/image\/","url":"https:\/\/rvz-wesermarsch.de\/wp-content\/uploads\/2022\/05\/B-MBE-20037_Logo_Regionales_Versorgungszentrum_WesermarschNord_RGB.png","contentUrl":"https:\/\/rvz-wesermarsch.de\/wp-content\/uploads\/2022\/05\/B-MBE-20037_Logo_Regionales_Versorgungszentrum_WesermarschNord_RGB.png","width":8822,"height":3432,"caption":"Medizinisches Versorgungszentrum (MVZ) Wesermarsch-Nord GmbH"},"image":{"@id":"https:\/\/rvz-wesermarsch.de\/#\/schema\/logo\/image\/"}}]}},"_links":{"self":[{"href":"https:\/\/rvz-wesermarsch.de\/index.php\/wp-json\/wp\/v2\/pages\/483","targetHints":{"allow":["GET"]}}],"collection":[{"href":"https:\/\/rvz-wesermarsch.de\/index.php\/wp-json\/wp\/v2\/pages"}],"about":[{"href":"https:\/\/rvz-wesermarsch.de\/index.php\/wp-json\/wp\/v2\/types\/page"}],"author":[{"embeddable":true,"href":"https:\/\/rvz-wesermarsch.de\/index.php\/wp-json\/wp\/v2\/users\/2"}],"replies":[{"embeddable":true,"href":"https:\/\/rvz-wesermarsch.de\/index.php\/wp-json\/wp\/v2\/comments?post=483"}],"version-history":[{"count":42,"href":"https:\/\/rvz-wesermarsch.de\/index.php\/wp-json\/wp\/v2\/pages\/483\/revisions"}],"predecessor-version":[{"id":1004,"href":"https:\/\/rvz-wesermarsch.de\/index.php\/wp-json\/wp\/v2\/pages\/483\/revisions\/1004"}],"wp:attachment":[{"href":"https:\/\/rvz-wesermarsch.de\/index.php\/wp-json\/wp\/v2\/media?parent=483"}],"curies":[{"name":"wp","href":"https:\/\/api.w.org\/{rel}","templated":true}]}}