{"id":526,"date":"2022-05-13T08:38:38","date_gmt":"2022-05-13T08:38:38","guid":{"rendered":"http:\/\/rvz-wesermarsch.de\/?page_id=526"},"modified":"2025-09-02T10:31:47","modified_gmt":"2025-09-02T10:31:47","slug":"beratungsangebote","status":"publish","type":"page","link":"https:\/\/rvz-wesermarsch.de\/index.php\/beratungsangebote\/","title":{"rendered":"Beratungsangebote"},"content":{"rendered":"<h1>Unsere Beratungsangebote<\/h1>\n<ul>\n<li>\n<p>        <img decoding=\"async\" src=\"\/wp-content\/uploads\/2022\/05\/beratung.jpg\" alt=\"\"><\/p>\n<h2>Hausarztpraxis<\/h2>\n<p><a href=\"\/index.php\/hausarztpraxis\/\"><\/a><\/p>\n<\/li>\n<li>\n<p>        <img decoding=\"async\" src=\"\/wp-content\/uploads\/2025\/09\/header_hebammenpraxis.jpg\" alt=\"\"><\/p>\n<h2>Hebammenpraxis<\/h2>\n<p><a href=\"https:\/\/wesermarsch.de\/services\/gesundheit-pflege\/hebammen-hebammenpraxis\/#Hebammenpraxis\"><\/a><\/p>\n<\/li>\n<li>\n<p>        <img decoding=\"async\" src=\"\/wp-content\/uploads\/2022\/05\/header_betreuungsstelle_4.jpg\" alt=\"\"><\/p>\n<h2>Betreuungsstelle<\/h2>\n<p><a href=\"https:\/\/wesermarsch.de\/services\/betreuung\/\"><\/a><\/p>\n<\/li>\n<\/ul>\n<ul>\n<li>\n<p>        <img decoding=\"async\" src=\"\/wp-content\/uploads\/2022\/05\/header_pflegestuetzpunkt_2.jpg\" alt=\"\"><\/p>\n<h2>Pflegest\u00fctzpunkt<\/h2>\n<p><a href=\"\/index.php\/pflegestuetzpunkt-wesermarsch\/\"><\/a><\/p>\n<\/li>\n<li>\n<p>        <img decoding=\"async\" src=\"\/wp-content\/uploads\/2022\/05\/header_hebammen_3.jpg\" alt=\"\"><\/p>\n<h2>Familien&shy;hebammen&shy;dienst<\/h2>\n<p><a href=\"\/index.php\/hebammenpraxis\/\"><\/a><\/p>\n<\/li>\n<li>\n<p>        <img decoding=\"async\" src=\"\/wp-content\/uploads\/2022\/05\/header_sozialpsychiatrischer_dienst_3.jpg\" alt=\"\"><\/p>\n<h2>Sozialpsychiatrischer Dienst<\/h2>\n<p><a href=\"https:\/\/wesermarsch.de\/services\/gesundheit-pflege\/sozialpsychiatrischer-dienst\/\"><\/a><\/p>\n<\/li>\n<\/ul>\n<div>\n<p>    <img decoding=\"async\" src=\"\/wp-content\/uploads\/2022\/05\/header_suchtberatung_2.jpg\" alt=\"\"><\/p>\n<h2>Suchtberatung<\/h2>\n<p><a href=\"\/index.php\/suchtberatung\/\"><\/a><\/p>\n<\/div>\n<div>\n<p>        <img decoding=\"async\" src=\"\/wp-content\/uploads\/2022\/05\/logo_lk_wesermarsch.png\" alt=\"\"><\/p>\n<h3>Wir arbeiten Hand in Hand mit dem Fachdienst Gesundheit<\/h3>\n<div>Erfahren Sie mehr \u00fcber die Angebote, Einrichtungen und Aufgabenbereiche des Fachdienst Gesundheit des Landkreises Wesermarsch\n<\/div>\n<p><a href=\"https:\/\/landkreis-wesermarsch.de\/verwaltung-politik\/fachdienste-im-ueberblick\/gesundheit.php\">Zur Website<\/a><\/p>\n<\/div>\n<p><!--more--><br \/>\n<!-- {\"name\":\"Post Index\",\"type\":\"layout\",\"children\":[{\"type\":\"section\",\"props\":{\"header_transparent\":true,\"header_transparent_text_color\":\"dark\",\"image_position\":\"center-center\",\"padding\":\"large\",\"padding_remove_bottom\":false,\"padding_remove_top\":false,\"style\":\"default\",\"title_breakpoint\":\"xl\",\"title_position\":\"top-left\",\"title_rotation\":\"left\",\"vertical_align\":\"\",\"width\":\"xlarge\"},\"children\":[{\"type\":\"row\",\"props\":{\"margin\":\"default\",\"margin_remove_top\":false,\"width\":\"xlarge\"},\"children\":[{\"type\":\"column\",\"props\":{\"image_position\":\"center-center\",\"position_sticky_breakpoint\":\"m\"},\"children\":[{\"type\":\"headline\",\"props\":{\"content\":\"Unsere Beratungsangebote\",\"margin\":\"medium\",\"text_align\":\"center\",\"title_element\":\"h1\",\"title_style\":\"heading-small\"}},{\"type\":\"grid\",\"props\":{\"content_column_breakpoint\":\"m\",\"content_margin\":\"small\",\"filter_align\":\"left\",\"filter_all\":true,\"filter_grid_breakpoint\":\"m\",\"filter_grid_width\":\"auto\",\"filter_position\":\"top\",\"filter_style\":\"tab\",\"grid_default\":\"1\",\"grid_medium\":\"3\",\"grid_row_gap\":\"medium\",\"grid_small\":\"2\",\"icon_width\":80,\"image_align\":\"top\",\"image_grid_breakpoint\":\"m\",\"image_grid_width\":\"1-2\",\"image_height\":\"300\",\"image_link\":true,\"image_margin\":\"medium\",\"image_svg_color\":\"emphasis\",\"image_transition\":\"scale-up\",\"image_width\":\"610\",\"item_animation\":true,\"lightbox_bg_close\":true,\"link_margin\":\"medium\",\"link_style\":\"danger\",\"link_text\":\"\",\"margin\":\"default\",\"meta_align\":\"below-content\",\"meta_color\":\"muted\",\"meta_element\":\"div\",\"meta_style\":\"h6\",\"panel_image_no_padding\":true,\"panel_link\":true,\"panel_padding\":\"default\",\"panel_style\":\"card-hover\",\"parallax_easing\":\"1\",\"show_content\":true,\"show_hover_image\":true,\"show_hover_video\":true,\"show_image\":true,\"show_link\":true,\"show_meta\":true,\"show_title\":true,\"show_video\":true,\"text_align\":\"center\",\"title_align\":\"top\",\"title_color\":\"danger\",\"title_element\":\"h2\",\"title_grid_breakpoint\":\"m\",\"title_grid_width\":\"1-2\",\"title_hover_style\":\"reset\",\"title_link\":true,\"title_margin\":\"medium\",\"title_style\":\"h3\"},\"children\":[{\"type\":\"grid_item\",\"props\":{\"content\":\"\",\"image\":\"wp-content\\\/uploads\\\/2022\\\/05\\\/beratung.jpg\",\"link\":\"index.php\\\/hausarztpraxis\\\/\",\"meta\":\"\",\"title\":\"Hausarztpraxis\"}},{\"type\":\"grid_item\",\"props\":{\"content\":\"\",\"image\":\"wp-content\\\/uploads\\\/2025\\\/09\\\/header_hebammenpraxis.jpg\",\"link\":\"https:\\\/\\\/wesermarsch.de\\\/services\\\/gesundheit-pflege\\\/hebammen-hebammenpraxis\\\/#Hebammenpraxis\",\"meta\":\"\",\"title\":\"Hebammenpraxis\"}},{\"type\":\"grid_item\",\"props\":{\"content\":\"\",\"image\":\"wp-content\\\/uploads\\\/2022\\\/05\\\/header_betreuungsstelle_4.jpg\",\"link\":\"https:\\\/\\\/wesermarsch.de\\\/services\\\/betreuung\\\/\",\"meta\":\"\",\"title\":\"Betreuungsstelle\"}}]},{\"type\":\"grid\",\"props\":{\"content_column_breakpoint\":\"m\",\"content_margin\":\"small\",\"filter_align\":\"left\",\"filter_all\":true,\"filter_grid_breakpoint\":\"m\",\"filter_grid_width\":\"auto\",\"filter_position\":\"top\",\"filter_style\":\"tab\",\"grid_default\":\"1\",\"grid_medium\":\"3\",\"grid_row_gap\":\"medium\",\"grid_small\":\"2\",\"icon_width\":80,\"image_align\":\"top\",\"image_grid_breakpoint\":\"m\",\"image_grid_width\":\"1-2\",\"image_height\":\"300\",\"image_link\":true,\"image_margin\":\"medium\",\"image_svg_color\":\"emphasis\",\"image_transition\":\"scale-up\",\"image_width\":\"610\",\"item_animation\":true,\"lightbox_bg_close\":true,\"link_margin\":\"medium\",\"link_style\":\"danger\",\"link_text\":\"\",\"margin\":\"default\",\"margin_remove_bottom\":true,\"meta_align\":\"below-content\",\"meta_color\":\"muted\",\"meta_element\":\"div\",\"meta_style\":\"h6\",\"panel_image_no_padding\":true,\"panel_link\":true,\"panel_padding\":\"default\",\"panel_style\":\"card-hover\",\"parallax_easing\":\"1\",\"show_content\":true,\"show_hover_image\":true,\"show_hover_video\":true,\"show_image\":true,\"show_link\":true,\"show_meta\":true,\"show_title\":true,\"show_video\":true,\"text_align\":\"center\",\"title_align\":\"top\",\"title_color\":\"danger\",\"title_element\":\"h2\",\"title_grid_breakpoint\":\"m\",\"title_grid_width\":\"1-2\",\"title_hover_style\":\"reset\",\"title_link\":true,\"title_margin\":\"medium\",\"title_style\":\"h3\"},\"children\":[{\"type\":\"grid_item\",\"props\":{\"content\":\"\",\"image\":\"wp-content\\\/uploads\\\/2022\\\/05\\\/header_pflegestuetzpunkt_2.jpg\",\"link\":\"index.php\\\/pflegestuetzpunkt-wesermarsch\\\/\",\"meta\":\"\",\"title\":\"Pflegest\\u00fctzpunkt\"}},{\"type\":\"grid_item\",\"props\":{\"content\":\"\",\"image\":\"wp-content\\\/uploads\\\/2022\\\/05\\\/header_hebammen_3.jpg\",\"link\":\"index.php\\\/hebammenpraxis\\\/\",\"meta\":\"\",\"title\":\"Familien&shy;hebammen&shy;dienst\"}},{\"type\":\"grid_item\",\"props\":{\"content\":\"\",\"image\":\"wp-content\\\/uploads\\\/2022\\\/05\\\/header_sozialpsychiatrischer_dienst_3.jpg\",\"link\":\"https:\\\/\\\/wesermarsch.de\\\/services\\\/gesundheit-pflege\\\/sozialpsychiatrischer-dienst\\\/\",\"meta\":\"\",\"title\":\"Sozialpsychiatrischer Dienst\"}}]},{\"type\":\"grid\",\"props\":{\"content_column_breakpoint\":\"m\",\"content_margin\":\"small\",\"filter_align\":\"left\",\"filter_all\":true,\"filter_grid_breakpoint\":\"m\",\"filter_grid_width\":\"auto\",\"filter_position\":\"top\",\"filter_style\":\"tab\",\"grid_default\":\"1\",\"grid_medium\":\"3\",\"grid_row_gap\":\"medium\",\"grid_small\":\"2\",\"icon_width\":80,\"image_align\":\"top\",\"image_grid_breakpoint\":\"m\",\"image_grid_width\":\"1-2\",\"image_height\":\"300\",\"image_link\":true,\"image_margin\":\"medium\",\"image_svg_color\":\"emphasis\",\"image_transition\":\"scale-up\",\"image_width\":\"610\",\"item_animation\":true,\"lightbox_bg_close\":true,\"link_margin\":\"medium\",\"link_style\":\"danger\",\"link_text\":\"\",\"margin\":\"default\",\"meta_align\":\"below-content\",\"meta_color\":\"muted\",\"meta_element\":\"div\",\"meta_style\":\"h6\",\"panel_image_no_padding\":true,\"panel_link\":true,\"panel_padding\":\"default\",\"panel_style\":\"card-hover\",\"parallax_easing\":\"1\",\"show_content\":true,\"show_hover_image\":true,\"show_hover_video\":true,\"show_image\":true,\"show_link\":true,\"show_meta\":true,\"show_title\":true,\"show_video\":true,\"text_align\":\"center\",\"title_align\":\"top\",\"title_color\":\"danger\",\"title_element\":\"h2\",\"title_grid_breakpoint\":\"m\",\"title_grid_width\":\"1-2\",\"title_hover_style\":\"reset\",\"title_link\":true,\"title_margin\":\"medium\",\"title_style\":\"h3\"},\"children\":[{\"type\":\"grid_item\",\"props\":{\"content\":\"\",\"image\":\"wp-content\\\/uploads\\\/2022\\\/05\\\/header_suchtberatung_2.jpg\",\"link\":\"index.php\\\/suchtberatung\\\/\",\"meta\":\"\",\"title\":\"Suchtberatung\"}}]}]}]}],\"name\":\"Posts\"},{\"type\":\"section\",\"props\":{\"image\":\"wp-content\\\/uploads\\\/1b0cc699-scaled.jpg\",\"image_effect\":\"parallax\",\"image_parallax_bgy\":\"-120,0\",\"image_parallax_easing\":\"1\",\"image_position\":\"center-center\",\"image_size\":\"cover\",\"padding\":\"large\",\"style\":\"default\",\"title_breakpoint\":\"xl\",\"title_position\":\"top-left\",\"title_rotation\":\"left\",\"vertical_align\":\"\",\"width\":\"default\"},\"children\":[{\"type\":\"row\",\"children\":[{\"type\":\"column\",\"props\":{\"image_position\":\"center-center\",\"position_sticky_breakpoint\":\"m\"},\"children\":[{\"type\":\"panel\",\"props\":{\"block_align\":\"center\",\"content\":\"Erfahren Sie mehr \\u00fcber die Angebote, Einrichtungen und Aufgabenbereiche des Fachdienst Gesundheit des Landkreises Wesermarsch\\n\",\"content_column_breakpoint\":\"m\",\"icon_width\":80,\"image\":\"wp-content\\\/uploads\\\/2022\\\/05\\\/logo_lk_wesermarsch.png\",\"image_align\":\"left\",\"image_grid_breakpoint\":\"m\",\"image_grid_width\":\"auto\",\"image_svg_color\":\"emphasis\",\"image_width\":\"300\",\"link\":\"https:\\\/\\\/landkreis-wesermarsch.de\\\/verwaltung-politik\\\/fachdienste-im-ueberblick\\\/gesundheit.php\",\"link_margin\":\"medium\",\"link_style\":\"primary\",\"link_target\":true,\"link_text\":\"Zur Website\",\"margin\":\"default\",\"maxwidth\":\"2xlarge\",\"meta_align\":\"below-title\",\"meta_element\":\"div\",\"meta_style\":\"text-meta\",\"panel_padding\":\"default\",\"panel_style\":\"card-default\",\"text_align\":\"left\",\"title\":\"Wir arbeiten Hand in Hand mit dem Fachdienst Gesundheit\",\"title_align\":\"top\",\"title_element\":\"h3\",\"title_grid_breakpoint\":\"m\",\"title_grid_width\":\"1-2\",\"title_hover_style\":\"reset\"}}]}]}]}],\"version\":\"4.5.25\"} --><\/p>\n","protected":false},"excerpt":{"rendered":"<p>Unsere Beratungsangebote Hausarztpraxis Hebammenpraxis Betreuungsstelle Pflegest\u00fctzpunkt Familien&shy;hebammen&shy;dienst Sozialpsychiatrischer Dienst Suchtberatung Wir arbeiten Hand in Hand mit dem Fachdienst Gesundheit Erfahren Sie mehr \u00fcber die Angebote, Einrichtungen und Aufgabenbereiche des Fachdienst Gesundheit des Landkreises Wesermarsch Zur Website<\/p>\n","protected":false},"author":2,"featured_media":0,"parent":0,"menu_order":0,"comment_status":"closed","ping_status":"closed","template":"","meta":{"footnotes":""},"class_list":["post-526","page","type-page","status-publish","hentry"],"yoast_head":"<!-- This site is optimized with the Yoast SEO plugin v27.1.1 - https:\/\/yoast.com\/product\/yoast-seo-wordpress\/ -->\n<title>Beratungsangebote - RVZ Wesermarsch-Nord<\/title>\n<meta name=\"description\" content=\"Hier finden Sie einen \u00dcberblick \u00fcber die Beratungsangebote, die Sie im RVZ Wesermarsch-Nord in Ansprich nehmen k\u00f6nnen.\" \/>\n<meta name=\"robots\" content=\"index, follow, max-snippet:-1, max-image-preview:large, max-video-preview:-1\" \/>\n<link rel=\"canonical\" href=\"https:\/\/rvz-wesermarsch.de\/index.php\/beratungsangebote\/\" \/>\n<meta property=\"og:locale\" content=\"de_DE\" \/>\n<meta property=\"og:type\" content=\"article\" \/>\n<meta property=\"og:title\" content=\"Beratungsangebote - RVZ Wesermarsch-Nord\" \/>\n<meta property=\"og:description\" content=\"Hier finden Sie einen \u00dcberblick \u00fcber die Beratungsangebote, die Sie im RVZ Wesermarsch-Nord in Ansprich nehmen k\u00f6nnen.\" \/>\n<meta property=\"og:url\" content=\"https:\/\/rvz-wesermarsch.de\/index.php\/beratungsangebote\/\" \/>\n<meta property=\"og:site_name\" content=\"RVZ Wesermarsch-Nord\" \/>\n<meta property=\"article:modified_time\" content=\"2025-09-02T10:31:47+00:00\" \/>\n<meta name=\"twitter:card\" content=\"summary_large_image\" \/>\n<script type=\"application\/ld+json\" class=\"yoast-schema-graph\">{\"@context\":\"https:\/\/schema.org\",\"@graph\":[{\"@type\":\"WebPage\",\"@id\":\"https:\/\/rvz-wesermarsch.de\/index.php\/beratungsangebote\/\",\"url\":\"https:\/\/rvz-wesermarsch.de\/index.php\/beratungsangebote\/\",\"name\":\"Beratungsangebote - RVZ Wesermarsch-Nord\",\"isPartOf\":{\"@id\":\"https:\/\/rvz-wesermarsch.de\/#website\"},\"datePublished\":\"2022-05-13T08:38:38+00:00\",\"dateModified\":\"2025-09-02T10:31:47+00:00\",\"description\":\"Hier finden Sie einen \u00dcberblick \u00fcber die Beratungsangebote, die Sie im RVZ Wesermarsch-Nord in Ansprich nehmen k\u00f6nnen.\",\"breadcrumb\":{\"@id\":\"https:\/\/rvz-wesermarsch.de\/index.php\/beratungsangebote\/#breadcrumb\"},\"inLanguage\":\"de\",\"potentialAction\":[{\"@type\":\"ReadAction\",\"target\":[\"https:\/\/rvz-wesermarsch.de\/index.php\/beratungsangebote\/\"]}]},{\"@type\":\"BreadcrumbList\",\"@id\":\"https:\/\/rvz-wesermarsch.de\/index.php\/beratungsangebote\/#breadcrumb\",\"itemListElement\":[{\"@type\":\"ListItem\",\"position\":1,\"name\":\"Startseite\",\"item\":\"https:\/\/rvz-wesermarsch.de\/\"},{\"@type\":\"ListItem\",\"position\":2,\"name\":\"Beratungsangebote\"}]},{\"@type\":\"WebSite\",\"@id\":\"https:\/\/rvz-wesermarsch.de\/#website\",\"url\":\"https:\/\/rvz-wesermarsch.de\/\",\"name\":\"RVZ Wesermarsch-Nord\",\"description\":\"Ihr regionales Versorgungszentrum\",\"publisher\":{\"@id\":\"https:\/\/rvz-wesermarsch.de\/#organization\"},\"potentialAction\":[{\"@type\":\"SearchAction\",\"target\":{\"@type\":\"EntryPoint\",\"urlTemplate\":\"https:\/\/rvz-wesermarsch.de\/?s={search_term_string}\"},\"query-input\":{\"@type\":\"PropertyValueSpecification\",\"valueRequired\":true,\"valueName\":\"search_term_string\"}}],\"inLanguage\":\"de\"},{\"@type\":\"Organization\",\"@id\":\"https:\/\/rvz-wesermarsch.de\/#organization\",\"name\":\"Medizinisches Versorgungszentrum (MVZ) Wesermarsch-Nord GmbH\",\"url\":\"https:\/\/rvz-wesermarsch.de\/\",\"logo\":{\"@type\":\"ImageObject\",\"inLanguage\":\"de\",\"@id\":\"https:\/\/rvz-wesermarsch.de\/#\/schema\/logo\/image\/\",\"url\":\"https:\/\/rvz-wesermarsch.de\/wp-content\/uploads\/2022\/05\/B-MBE-20037_Logo_Regionales_Versorgungszentrum_WesermarschNord_RGB.png\",\"contentUrl\":\"https:\/\/rvz-wesermarsch.de\/wp-content\/uploads\/2022\/05\/B-MBE-20037_Logo_Regionales_Versorgungszentrum_WesermarschNord_RGB.png\",\"width\":8822,\"height\":3432,\"caption\":\"Medizinisches Versorgungszentrum (MVZ) Wesermarsch-Nord GmbH\"},\"image\":{\"@id\":\"https:\/\/rvz-wesermarsch.de\/#\/schema\/logo\/image\/\"}}]}<\/script>\n<!-- \/ Yoast SEO plugin. -->","yoast_head_json":{"title":"Beratungsangebote - RVZ Wesermarsch-Nord","description":"Hier finden Sie einen \u00dcberblick \u00fcber die Beratungsangebote, die Sie im RVZ Wesermarsch-Nord in Ansprich nehmen k\u00f6nnen.","robots":{"index":"index","follow":"follow","max-snippet":"max-snippet:-1","max-image-preview":"max-image-preview:large","max-video-preview":"max-video-preview:-1"},"canonical":"https:\/\/rvz-wesermarsch.de\/index.php\/beratungsangebote\/","og_locale":"de_DE","og_type":"article","og_title":"Beratungsangebote - RVZ Wesermarsch-Nord","og_description":"Hier finden Sie einen \u00dcberblick \u00fcber die Beratungsangebote, die Sie im RVZ Wesermarsch-Nord in Ansprich nehmen k\u00f6nnen.","og_url":"https:\/\/rvz-wesermarsch.de\/index.php\/beratungsangebote\/","og_site_name":"RVZ Wesermarsch-Nord","article_modified_time":"2025-09-02T10:31:47+00:00","twitter_card":"summary_large_image","schema":{"@context":"https:\/\/schema.org","@graph":[{"@type":"WebPage","@id":"https:\/\/rvz-wesermarsch.de\/index.php\/beratungsangebote\/","url":"https:\/\/rvz-wesermarsch.de\/index.php\/beratungsangebote\/","name":"Beratungsangebote - RVZ Wesermarsch-Nord","isPartOf":{"@id":"https:\/\/rvz-wesermarsch.de\/#website"},"datePublished":"2022-05-13T08:38:38+00:00","dateModified":"2025-09-02T10:31:47+00:00","description":"Hier finden Sie einen \u00dcberblick \u00fcber die Beratungsangebote, die Sie im RVZ Wesermarsch-Nord in Ansprich nehmen k\u00f6nnen.","breadcrumb":{"@id":"https:\/\/rvz-wesermarsch.de\/index.php\/beratungsangebote\/#breadcrumb"},"inLanguage":"de","potentialAction":[{"@type":"ReadAction","target":["https:\/\/rvz-wesermarsch.de\/index.php\/beratungsangebote\/"]}]},{"@type":"BreadcrumbList","@id":"https:\/\/rvz-wesermarsch.de\/index.php\/beratungsangebote\/#breadcrumb","itemListElement":[{"@type":"ListItem","position":1,"name":"Startseite","item":"https:\/\/rvz-wesermarsch.de\/"},{"@type":"ListItem","position":2,"name":"Beratungsangebote"}]},{"@type":"WebSite","@id":"https:\/\/rvz-wesermarsch.de\/#website","url":"https:\/\/rvz-wesermarsch.de\/","name":"RVZ Wesermarsch-Nord","description":"Ihr regionales Versorgungszentrum","publisher":{"@id":"https:\/\/rvz-wesermarsch.de\/#organization"},"potentialAction":[{"@type":"SearchAction","target":{"@type":"EntryPoint","urlTemplate":"https:\/\/rvz-wesermarsch.de\/?s={search_term_string}"},"query-input":{"@type":"PropertyValueSpecification","valueRequired":true,"valueName":"search_term_string"}}],"inLanguage":"de"},{"@type":"Organization","@id":"https:\/\/rvz-wesermarsch.de\/#organization","name":"Medizinisches Versorgungszentrum (MVZ) Wesermarsch-Nord GmbH","url":"https:\/\/rvz-wesermarsch.de\/","logo":{"@type":"ImageObject","inLanguage":"de","@id":"https:\/\/rvz-wesermarsch.de\/#\/schema\/logo\/image\/","url":"https:\/\/rvz-wesermarsch.de\/wp-content\/uploads\/2022\/05\/B-MBE-20037_Logo_Regionales_Versorgungszentrum_WesermarschNord_RGB.png","contentUrl":"https:\/\/rvz-wesermarsch.de\/wp-content\/uploads\/2022\/05\/B-MBE-20037_Logo_Regionales_Versorgungszentrum_WesermarschNord_RGB.png","width":8822,"height":3432,"caption":"Medizinisches Versorgungszentrum (MVZ) Wesermarsch-Nord GmbH"},"image":{"@id":"https:\/\/rvz-wesermarsch.de\/#\/schema\/logo\/image\/"}}]}},"_links":{"self":[{"href":"https:\/\/rvz-wesermarsch.de\/index.php\/wp-json\/wp\/v2\/pages\/526","targetHints":{"allow":["GET"]}}],"collection":[{"href":"https:\/\/rvz-wesermarsch.de\/index.php\/wp-json\/wp\/v2\/pages"}],"about":[{"href":"https:\/\/rvz-wesermarsch.de\/index.php\/wp-json\/wp\/v2\/types\/page"}],"author":[{"embeddable":true,"href":"https:\/\/rvz-wesermarsch.de\/index.php\/wp-json\/wp\/v2\/users\/2"}],"replies":[{"embeddable":true,"href":"https:\/\/rvz-wesermarsch.de\/index.php\/wp-json\/wp\/v2\/comments?post=526"}],"version-history":[{"count":64,"href":"https:\/\/rvz-wesermarsch.de\/index.php\/wp-json\/wp\/v2\/pages\/526\/revisions"}],"predecessor-version":[{"id":1009,"href":"https:\/\/rvz-wesermarsch.de\/index.php\/wp-json\/wp\/v2\/pages\/526\/revisions\/1009"}],"wp:attachment":[{"href":"https:\/\/rvz-wesermarsch.de\/index.php\/wp-json\/wp\/v2\/media?parent=526"}],"curies":[{"name":"wp","href":"https:\/\/api.w.org\/{rel}","templated":true}]}}