{"id":577,"date":"2022-05-13T09:10:16","date_gmt":"2022-05-13T09:10:16","guid":{"rendered":"http:\/\/rvz-wesermarsch.de\/?page_id=577"},"modified":"2025-09-02T10:30:26","modified_gmt":"2025-09-02T10:30:26","slug":"hausarztpraxis","status":"publish","type":"page","link":"https:\/\/rvz-wesermarsch.de\/index.php\/hausarztpraxis\/","title":{"rendered":"Hausarztpraxis"},"content":{"rendered":"<p><img decoding=\"async\" src=\"\/wp-content\/uploads\/2022\/05\/stetoskop_gruen.svg\" alt=\"\"><\/p>\n<h1>Haus\u00adarzt\u00adpraxis Ilsestra\u00dfe<\/h1>\n<div>\n<h2>Kontakt<\/h2>\n<div>\n<p><strong>Ilsestrasse 15 in 26954 Nordenham<\/strong><br \/><strong>Tel. 04731-2674900<br \/>Mail <a href=\"mailto:info@rvz-hausarzt.de\">info@rvz-hausarzt.de<\/a><\/strong><\/p>\n<p>Unter dieser Rufnummer k\u00f6nnen Sie telefonisch einen Termin in unserer Sprechstunde vereinbaren.<\/p>\n<\/div>\n<\/div>\n<h2>Liebe Patientin, lieber Patient, willkommen in der Hausarztpraxis im RVZ Wesermarsch Nord<\/h2>\n<div>\n<p>Unter dieser Rufnummer<strong> Tel. 04731-2674900<\/strong> k\u00f6nnen Sie telefonisch einen Termin in unserer Sprechstunde vereinbaren. Unsere Sprechzeiten sind:<\/p>\n<\/div>\n<ul>\n<li>\n<h3>Montag<\/h3>\n<div>\n<p>08:00 bis 12:00 |\u00a0sowie 16:00 bis 18:00<\/p>\n<\/div>\n<\/li>\n<li>\n<h3>Dienstag <\/h3>\n<div>\n<p>09:00 bis 12:00 | sowie 15:00 bis 18:00<\/p>\n<\/div>\n<\/li>\n<li>\n<h3>Mittwoch<\/h3>\n<div>\n<p>08:00 bis 12:00<\/p>\n<\/div>\n<\/li>\n<li>\n<h3>Donnerstag<\/h3>\n<div>08:00 bis 13:00 | sowie 16:00 bis 18:00<\/div>\n<\/li>\n<li>\n<h3>Freitag<\/h3>\n<div>\n<p>08:00 bis 12:00<\/p>\n<\/div>\n<\/li>\n<\/ul>\n<div>\n<p>Au\u00dferhalb der Sprechzeiten, in dringenden medizinischen F\u00e4llen, k\u00f6nnen sie die 116117 w\u00e4hlen<strong>,<\/strong> <strong><span style=\"color: #e0003c;\">in lebensbedrohlichen Notf\u00e4llen w\u00e4hlen sie die 112 f\u00fcr den Rettungsdienst.<\/span><\/strong><\/p>\n<\/div>\n<div>\n<p>Wir bieten Ihnen die M\u00f6glichkeit, Rezepte und \u00dcberweisungen telefonisch unter der Rufnummer 04731-2674901 zu bestellen und am \u00fcbern\u00e4chsten Arbeitstag abzuholen. Bitte bringen Sie dazu die Versichertenkarte mit.<\/p>\n<p>Ihr Praxisteam im RVZ<\/p>\n<\/div>\n<p><!--more--><br \/>\n<!-- {\"name\":\"hebammen\",\"type\":\"layout\",\"children\":[{\"type\":\"section\",\"props\":{\"image_position\":\"center-center\",\"padding\":\"xsmall\",\"padding_remove_bottom\":true,\"padding_remove_top\":false,\"status\":\"disabled\",\"style\":\"primary\",\"title_breakpoint\":\"xl\",\"title_position\":\"top-left\",\"title_rotation\":\"left\",\"vertical_align\":\"\",\"width\":\"\"},\"children\":[{\"type\":\"row\",\"children\":[{\"type\":\"column\",\"props\":{\"image_position\":\"center-center\",\"padding\":\"xlarge\",\"position_sticky_breakpoint\":\"m\"},\"children\":[{\"type\":\"headline\",\"props\":{\"block_align\":\"center\",\"content\":\"\n\n<p>Die Hausarztpraxis befindet sich zurzeit im Aufbau!<\\\/p>\",\"margin\":\"small\",\"text_align\":\"center\",\"title_element\":\"h2\",\"title_style\":\"h3\"}}]}],\"props\":{\"width\":\"large\"}}],\"name\":\"About\"},{\"name\":\"Hero\",\"type\":\"section\",\"props\":{\"animation_delay\":false,\"header_transparent\":true,\"header_transparent_noplaceholder\":false,\"header_transparent_text_color\":\"dark\",\"height\":\"viewport\",\"height_offset_top\":true,\"height_viewport\":80,\"image\":\"wp-content\\\/uploads\\\/2022\\\/05\\\/header_hausarztpraxis_2.jpg\",\"image_effect\":\"parallax\",\"image_parallax_bgy\":\"-80,0\",\"image_parallax_breakpoint\":\"m\",\"image_parallax_easing\":\"1\",\"image_position\":\"center-center\",\"image_size\":\"cover\",\"image_width\":\"2560\",\"padding\":\"large\",\"padding_remove_top\":false,\"style\":\"default\",\"title_breakpoint\":\"xl\",\"title_position\":\"top-left\",\"title_rotation\":\"left\",\"vertical_align\":\"bottom\",\"width\":\"expand\"},\"children\":[{\"type\":\"row\",\"children\":[{\"type\":\"column\",\"props\":{\"image_position\":\"center-center\",\"position_sticky_breakpoint\":\"m\",\"width_medium\":\"3-5\"}},{\"type\":\"column\",\"props\":{\"image_position\":\"center-center\",\"position_sticky_breakpoint\":\"m\",\"width_medium\":\"2-5\"},\"children\":[{\"type\":\"image\",\"props\":{\"block_align\":\"right\",\"image\":\"wp-content\\\/uploads\\\/2022\\\/05\\\/stetoskop_gruen.svg\",\"image_svg_color\":\"\",\"image_svg_inline\":true,\"image_width\":\"60\",\"margin\":\"default\",\"text_align\":\"left\",\"text_align_breakpoint\":\"m\",\"text_align_fallback\":\"center\"}},{\"type\":\"headline\",\"props\":{\"animation\":\"none\",\"content\":\"Haus\\u00adarzt\\u00adpraxis Ilsestra\\u00dfe\",\"maxwidth\":\"2xlarge\",\"text_align\":\"left\",\"text_align_breakpoint\":\"s\",\"text_align_fallback\":\"center\",\"title_element\":\"h1\",\"title_style\":\"heading-medium\"}}]}],\"props\":{\"layout\":\"3-5,2-5\",\"margin\":\"remove-vertical\",\"row_gap\":\"collapse\"}}]},{\"type\":\"section\",\"props\":{\"image_position\":\"center-center\",\"padding\":\"large\",\"padding_remove_bottom\":false,\"padding_remove_top\":false,\"style\":\"default\",\"title_breakpoint\":\"xl\",\"title_position\":\"top-left\",\"title_rotation\":\"left\",\"vertical_align\":\"\",\"width\":\"\"},\"children\":[{\"type\":\"row\",\"children\":[{\"type\":\"column\",\"props\":{\"image_position\":\"center-center\",\"padding\":\"xlarge\",\"position_sticky_breakpoint\":\"m\",\"width_medium\":\"1-3\"},\"children\":[{\"type\":\"panel\",\"props\":{\"content\":\"\n\n<p><strong>Ilsestrasse 15 in 26954 Nordenham<\\\/strong><br \\\/><strong>Tel. 04731-2674900<br \\\/>Mail <a href=\\\"mailto:info@rvz-hausarzt.de\\\">info@rvz-hausarzt.de<\\\/a><\\\/strong><\\\/p>\\n\n\n<p>Unter dieser Rufnummer k\\u00f6nnen Sie telefonisch einen Termin in unserer Sprechstunde vereinbaren.<\\\/p>\",\"content_column_breakpoint\":\"m\",\"icon_width\":80,\"image\":\"\",\"image_align\":\"top\",\"image_grid_breakpoint\":\"m\",\"image_grid_width\":\"1-2\",\"image_svg_color\":\"emphasis\",\"link_style\":\"default\",\"link_text\":\"Read more\",\"margin\":\"default\",\"meta_align\":\"below-title\",\"meta_element\":\"div\",\"meta_style\":\"text-meta\",\"panel_image_no_padding\":true,\"panel_padding\":\"default\",\"panel_style\":\"tile-primary\",\"title\":\"Kontakt\",\"title_align\":\"top\",\"title_element\":\"h2\",\"title_grid_breakpoint\":\"m\",\"title_grid_width\":\"1-2\",\"title_hover_style\":\"reset\",\"title_style\":\"h3\"}}]},{\"type\":\"column\",\"props\":{\"css\":\"@media (max-width: 959px) { \\n\\t.el-column { padding-bottom: 40px; }\\n}\\n\\n@media (min-width: 960px) { \\n    .el-column { padding-right: 40px; } \\n}\",\"image_position\":\"center-center\",\"position_sticky_breakpoint\":\"m\",\"vertical_align\":\"middle\",\"width_medium\":\"2-3\"},\"children\":[{\"type\":\"headline\",\"props\":{\"content\":\"Liebe Patientin, lieber Patient, willkommen in der Hausarztpraxis im RVZ Wesermarsch Nord\",\"margin\":\"small\",\"maxwidth\":\"2xlarge\",\"title_element\":\"h2\",\"title_style\":\"h1\"}},{\"type\":\"text\",\"props\":{\"column_breakpoint\":\"m\",\"content\":\"\n\n<p>Unter dieser Rufnummer<strong> Tel. 04731-2674900<\\\/strong> k\\u00f6nnen Sie telefonisch einen Termin in unserer Sprechstunde vereinbaren. Unsere Sprechzeiten sind:<\\\/p>\",\"margin\":\"default\"}}]}],\"props\":{\"layout\":\"1-3,2-3\",\"width\":\"large\"}},{\"type\":\"row\",\"props\":{\"layout\":\"1-3,1-3,1-3\",\"width\":\"large\"},\"children\":[{\"type\":\"column\",\"props\":{\"image_position\":\"center-center\",\"position_sticky_breakpoint\":\"m\",\"width_medium\":\"1-3\"}},{\"type\":\"column\",\"props\":{\"image_position\":\"center-center\",\"position_sticky_breakpoint\":\"m\",\"width_medium\":\"1-3\"},\"children\":[{\"type\":\"description_list\",\"props\":{\"column_breakpoint\":\"m\",\"layout\":\"grid-2\",\"list_element\":\"ul\",\"list_style\":\"striped\",\"meta_align\":\"below-content\",\"meta_style\":\"text-meta\",\"show_content\":true,\"show_link\":true,\"show_meta\":true,\"show_title\":true,\"title_element\":\"div\",\"title_grid_column_gap\":\"\",\"title_grid_row_gap\":\"\",\"title_grid_width\":\"small\",\"title_style\":\"text-bold\"},\"children\":[{\"type\":\"description_list_item\",\"props\":{\"content\":\"\n\n<p>08:00 bis 12:00 |\\u00a0sowie 16:00 bis 18:00<\\\/p>\",\"title\":\"Montag\"}},{\"type\":\"description_list_item\",\"props\":{\"content\":\"\n\n<p>09:00 bis 12:00 | sowie 15:00 bis 18:00<\\\/p>\",\"title\":\"Dienstag \"}},{\"type\":\"description_list_item\",\"props\":{\"content\":\"\n\n<p>08:00 bis 12:00<\\\/p>\",\"title\":\"Mittwoch\"}},{\"type\":\"description_list_item\",\"props\":{\"content\":\"08:00 bis 13:00 | sowie 16:00 bis 18:00\",\"title\":\"Donnerstag\"}},{\"type\":\"description_list_item\",\"props\":{\"content\":\"\n\n<p>08:00 bis 12:00<\\\/p>\",\"title\":\"Freitag\"}}]},{\"type\":\"text\",\"props\":{\"column_breakpoint\":\"m\",\"content\":\"\n\n<p>Au\\u00dferhalb der Sprechzeiten, in dringenden medizinischen F\\u00e4llen, k\\u00f6nnen sie die 116117 w\\u00e4hlen<strong>,<\\\/strong> <strong><span style=\\\"color: #e0003c;\\\">in lebensbedrohlichen Notf\\u00e4llen w\\u00e4hlen sie die 112 f\\u00fcr den Rettungsdienst.<\\\/span><\\\/strong><\\\/p>\",\"margin\":\"default\"}}]},{\"type\":\"column\",\"props\":{\"image_position\":\"center-center\",\"position_sticky_breakpoint\":\"m\",\"width_medium\":\"1-3\"},\"children\":[{\"type\":\"text\",\"props\":{\"column_breakpoint\":\"m\",\"content\":\"\n\n<p>Wir bieten Ihnen die M\\u00f6glichkeit, Rezepte und \\u00dcberweisungen telefonisch unter der Rufnummer 04731-2674901 zu bestellen und am \\u00fcbern\\u00e4chsten Arbeitstag abzuholen. Bitte bringen Sie dazu die Versichertenkarte mit.<\\\/p>\\n\n\n<p>Ihr Praxisteam im RVZ<\\\/p>\",\"margin\":\"default\"}}]}]}],\"name\":\"About\"}],\"version\":\"4.5.25\"} --><\/p>\n","protected":false},"excerpt":{"rendered":"<p>Haus\u00adarzt\u00adpraxis Ilsestra\u00dfe Kontakt Ilsestrasse 15 in 26954 NordenhamTel. 04731-2674900Mail info@rvz-hausarzt.de Unter dieser Rufnummer k\u00f6nnen Sie telefonisch einen Termin in unserer Sprechstunde vereinbaren. Liebe Patientin, lieber Patient, willkommen in der Hausarztpraxis im RVZ Wesermarsch Nord Unter dieser Rufnummer Tel. 04731-2674900 k\u00f6nnen Sie telefonisch einen Termin in unserer Sprechstunde vereinbaren. Unsere Sprechzeiten sind: Montag 08:00 bis 12:00 [&hellip;]<\/p>\n","protected":false},"author":2,"featured_media":0,"parent":0,"menu_order":0,"comment_status":"closed","ping_status":"closed","template":"","meta":{"footnotes":""},"class_list":["post-577","page","type-page","status-publish","hentry"],"yoast_head":"<!-- This site is optimized with the Yoast SEO plugin v27.1.1 - https:\/\/yoast.com\/product\/yoast-seo-wordpress\/ -->\n<title>Hausarztpraxis - RVZ Wesermarsch-Nord<\/title>\n<meta name=\"description\" content=\"Die Hausarztpraxis des RVZ Wesermarsch-Nord befindet sich zurzeit noch im Aufbau. Wir suchen noch Fach\u00e4rzte - Jetzt bewerben!\" \/>\n<meta name=\"robots\" content=\"index, follow, max-snippet:-1, max-image-preview:large, max-video-preview:-1\" \/>\n<link rel=\"canonical\" href=\"https:\/\/rvz-wesermarsch.de\/index.php\/hausarztpraxis\/\" \/>\n<meta property=\"og:locale\" content=\"de_DE\" \/>\n<meta property=\"og:type\" content=\"article\" \/>\n<meta property=\"og:title\" content=\"Hausarztpraxis - RVZ Wesermarsch-Nord\" \/>\n<meta property=\"og:description\" content=\"Die Hausarztpraxis des RVZ Wesermarsch-Nord befindet sich zurzeit noch im Aufbau. Wir suchen noch Fach\u00e4rzte - Jetzt bewerben!\" \/>\n<meta property=\"og:url\" content=\"https:\/\/rvz-wesermarsch.de\/index.php\/hausarztpraxis\/\" \/>\n<meta property=\"og:site_name\" content=\"RVZ Wesermarsch-Nord\" \/>\n<meta property=\"article:modified_time\" content=\"2025-09-02T10:30:26+00:00\" \/>\n<meta name=\"twitter:card\" content=\"summary_large_image\" \/>\n<meta name=\"twitter:label1\" content=\"Gesch\u00e4tzte Lesezeit\" \/>\n\t<meta name=\"twitter:data1\" content=\"1\u00a0Minute\" \/>\n<script type=\"application\/ld+json\" class=\"yoast-schema-graph\">{\"@context\":\"https:\/\/schema.org\",\"@graph\":[{\"@type\":\"WebPage\",\"@id\":\"https:\/\/rvz-wesermarsch.de\/index.php\/hausarztpraxis\/\",\"url\":\"https:\/\/rvz-wesermarsch.de\/index.php\/hausarztpraxis\/\",\"name\":\"Hausarztpraxis - RVZ Wesermarsch-Nord\",\"isPartOf\":{\"@id\":\"https:\/\/rvz-wesermarsch.de\/#website\"},\"datePublished\":\"2022-05-13T09:10:16+00:00\",\"dateModified\":\"2025-09-02T10:30:26+00:00\",\"description\":\"Die Hausarztpraxis des RVZ Wesermarsch-Nord befindet sich zurzeit noch im Aufbau. Wir suchen noch Fach\u00e4rzte - Jetzt bewerben!\",\"breadcrumb\":{\"@id\":\"https:\/\/rvz-wesermarsch.de\/index.php\/hausarztpraxis\/#breadcrumb\"},\"inLanguage\":\"de\",\"potentialAction\":[{\"@type\":\"ReadAction\",\"target\":[\"https:\/\/rvz-wesermarsch.de\/index.php\/hausarztpraxis\/\"]}]},{\"@type\":\"BreadcrumbList\",\"@id\":\"https:\/\/rvz-wesermarsch.de\/index.php\/hausarztpraxis\/#breadcrumb\",\"itemListElement\":[{\"@type\":\"ListItem\",\"position\":1,\"name\":\"Startseite\",\"item\":\"https:\/\/rvz-wesermarsch.de\/\"},{\"@type\":\"ListItem\",\"position\":2,\"name\":\"Hausarztpraxis\"}]},{\"@type\":\"WebSite\",\"@id\":\"https:\/\/rvz-wesermarsch.de\/#website\",\"url\":\"https:\/\/rvz-wesermarsch.de\/\",\"name\":\"RVZ Wesermarsch-Nord\",\"description\":\"Ihr regionales Versorgungszentrum\",\"publisher\":{\"@id\":\"https:\/\/rvz-wesermarsch.de\/#organization\"},\"potentialAction\":[{\"@type\":\"SearchAction\",\"target\":{\"@type\":\"EntryPoint\",\"urlTemplate\":\"https:\/\/rvz-wesermarsch.de\/?s={search_term_string}\"},\"query-input\":{\"@type\":\"PropertyValueSpecification\",\"valueRequired\":true,\"valueName\":\"search_term_string\"}}],\"inLanguage\":\"de\"},{\"@type\":\"Organization\",\"@id\":\"https:\/\/rvz-wesermarsch.de\/#organization\",\"name\":\"Medizinisches Versorgungszentrum (MVZ) Wesermarsch-Nord GmbH\",\"url\":\"https:\/\/rvz-wesermarsch.de\/\",\"logo\":{\"@type\":\"ImageObject\",\"inLanguage\":\"de\",\"@id\":\"https:\/\/rvz-wesermarsch.de\/#\/schema\/logo\/image\/\",\"url\":\"https:\/\/rvz-wesermarsch.de\/wp-content\/uploads\/2022\/05\/B-MBE-20037_Logo_Regionales_Versorgungszentrum_WesermarschNord_RGB.png\",\"contentUrl\":\"https:\/\/rvz-wesermarsch.de\/wp-content\/uploads\/2022\/05\/B-MBE-20037_Logo_Regionales_Versorgungszentrum_WesermarschNord_RGB.png\",\"width\":8822,\"height\":3432,\"caption\":\"Medizinisches Versorgungszentrum (MVZ) Wesermarsch-Nord GmbH\"},\"image\":{\"@id\":\"https:\/\/rvz-wesermarsch.de\/#\/schema\/logo\/image\/\"}}]}<\/script>\n<!-- \/ Yoast SEO plugin. -->","yoast_head_json":{"title":"Hausarztpraxis - RVZ Wesermarsch-Nord","description":"Die Hausarztpraxis des RVZ Wesermarsch-Nord befindet sich zurzeit noch im Aufbau. Wir suchen noch Fach\u00e4rzte - Jetzt bewerben!","robots":{"index":"index","follow":"follow","max-snippet":"max-snippet:-1","max-image-preview":"max-image-preview:large","max-video-preview":"max-video-preview:-1"},"canonical":"https:\/\/rvz-wesermarsch.de\/index.php\/hausarztpraxis\/","og_locale":"de_DE","og_type":"article","og_title":"Hausarztpraxis - RVZ Wesermarsch-Nord","og_description":"Die Hausarztpraxis des RVZ Wesermarsch-Nord befindet sich zurzeit noch im Aufbau. Wir suchen noch Fach\u00e4rzte - Jetzt bewerben!","og_url":"https:\/\/rvz-wesermarsch.de\/index.php\/hausarztpraxis\/","og_site_name":"RVZ Wesermarsch-Nord","article_modified_time":"2025-09-02T10:30:26+00:00","twitter_card":"summary_large_image","twitter_misc":{"Gesch\u00e4tzte Lesezeit":"1\u00a0Minute"},"schema":{"@context":"https:\/\/schema.org","@graph":[{"@type":"WebPage","@id":"https:\/\/rvz-wesermarsch.de\/index.php\/hausarztpraxis\/","url":"https:\/\/rvz-wesermarsch.de\/index.php\/hausarztpraxis\/","name":"Hausarztpraxis - RVZ Wesermarsch-Nord","isPartOf":{"@id":"https:\/\/rvz-wesermarsch.de\/#website"},"datePublished":"2022-05-13T09:10:16+00:00","dateModified":"2025-09-02T10:30:26+00:00","description":"Die Hausarztpraxis des RVZ Wesermarsch-Nord befindet sich zurzeit noch im Aufbau. Wir suchen noch Fach\u00e4rzte - Jetzt bewerben!","breadcrumb":{"@id":"https:\/\/rvz-wesermarsch.de\/index.php\/hausarztpraxis\/#breadcrumb"},"inLanguage":"de","potentialAction":[{"@type":"ReadAction","target":["https:\/\/rvz-wesermarsch.de\/index.php\/hausarztpraxis\/"]}]},{"@type":"BreadcrumbList","@id":"https:\/\/rvz-wesermarsch.de\/index.php\/hausarztpraxis\/#breadcrumb","itemListElement":[{"@type":"ListItem","position":1,"name":"Startseite","item":"https:\/\/rvz-wesermarsch.de\/"},{"@type":"ListItem","position":2,"name":"Hausarztpraxis"}]},{"@type":"WebSite","@id":"https:\/\/rvz-wesermarsch.de\/#website","url":"https:\/\/rvz-wesermarsch.de\/","name":"RVZ Wesermarsch-Nord","description":"Ihr regionales Versorgungszentrum","publisher":{"@id":"https:\/\/rvz-wesermarsch.de\/#organization"},"potentialAction":[{"@type":"SearchAction","target":{"@type":"EntryPoint","urlTemplate":"https:\/\/rvz-wesermarsch.de\/?s={search_term_string}"},"query-input":{"@type":"PropertyValueSpecification","valueRequired":true,"valueName":"search_term_string"}}],"inLanguage":"de"},{"@type":"Organization","@id":"https:\/\/rvz-wesermarsch.de\/#organization","name":"Medizinisches Versorgungszentrum (MVZ) Wesermarsch-Nord GmbH","url":"https:\/\/rvz-wesermarsch.de\/","logo":{"@type":"ImageObject","inLanguage":"de","@id":"https:\/\/rvz-wesermarsch.de\/#\/schema\/logo\/image\/","url":"https:\/\/rvz-wesermarsch.de\/wp-content\/uploads\/2022\/05\/B-MBE-20037_Logo_Regionales_Versorgungszentrum_WesermarschNord_RGB.png","contentUrl":"https:\/\/rvz-wesermarsch.de\/wp-content\/uploads\/2022\/05\/B-MBE-20037_Logo_Regionales_Versorgungszentrum_WesermarschNord_RGB.png","width":8822,"height":3432,"caption":"Medizinisches Versorgungszentrum (MVZ) Wesermarsch-Nord GmbH"},"image":{"@id":"https:\/\/rvz-wesermarsch.de\/#\/schema\/logo\/image\/"}}]}},"_links":{"self":[{"href":"https:\/\/rvz-wesermarsch.de\/index.php\/wp-json\/wp\/v2\/pages\/577","targetHints":{"allow":["GET"]}}],"collection":[{"href":"https:\/\/rvz-wesermarsch.de\/index.php\/wp-json\/wp\/v2\/pages"}],"about":[{"href":"https:\/\/rvz-wesermarsch.de\/index.php\/wp-json\/wp\/v2\/types\/page"}],"author":[{"embeddable":true,"href":"https:\/\/rvz-wesermarsch.de\/index.php\/wp-json\/wp\/v2\/users\/2"}],"replies":[{"embeddable":true,"href":"https:\/\/rvz-wesermarsch.de\/index.php\/wp-json\/wp\/v2\/comments?post=577"}],"version-history":[{"count":66,"href":"https:\/\/rvz-wesermarsch.de\/index.php\/wp-json\/wp\/v2\/pages\/577\/revisions"}],"predecessor-version":[{"id":1006,"href":"https:\/\/rvz-wesermarsch.de\/index.php\/wp-json\/wp\/v2\/pages\/577\/revisions\/1006"}],"wp:attachment":[{"href":"https:\/\/rvz-wesermarsch.de\/index.php\/wp-json\/wp\/v2\/media?parent=577"}],"curies":[{"name":"wp","href":"https:\/\/api.w.org\/{rel}","templated":true}]}}