{"id":877,"date":"2022-05-23T08:25:31","date_gmt":"2022-05-23T08:25:31","guid":{"rendered":"http:\/\/rvz-wesermarsch.de\/?page_id=877"},"modified":"2025-09-02T10:32:31","modified_gmt":"2025-09-02T10:32:31","slug":"impressum","status":"publish","type":"page","link":"https:\/\/rvz-wesermarsch.de\/index.php\/impressum\/","title":{"rendered":"Impressum"},"content":{"rendered":"\n<h2 class=\"wp-block-heading\">Angaben gem\u00e4\u00df \u00a7 5 DDG<\/h2>\n\n\n\n<p>Medizinisches Versorgungszentrum (MVZ) Wesermarsch-Nord GmbH<br>Ilsestra\u00dfe 15<br>26954 Nordenham<\/p>\n\n\n\n<p>Handelsregister: HRB 217457<br>Registergericht: Amtsgericht Oldenburg<\/p>\n\n\n\n<p><strong>Vertreten durch:<\/strong><br>Volker Blohm, Sindy Nestler<\/p>\n\n\n\n<h2 class=\"wp-block-heading\">Kontakt<\/h2>\n\n\n\n<p>Telefon: 04401\/927-512<br>E-Mail: info@rvz-wesermarsch.de<\/p>\n\n\n\n<h2 class=\"wp-block-heading\">Postadresse<\/h2>\n\n\n\n<p>R\u00f6nnelstra\u00dfe 10<br>26919 Brake (Unterweser)<\/p>\n\n\n\n<h2 class=\"wp-block-heading\">Redaktionell verantwortlich<\/h2>\n\n\n\n<p>Volker Blohm<br>Ilsestra\u00dfe 15<br>26954 Nordenham<\/p>\n\n\n\n<h2 class=\"wp-block-heading\">Verbraucher\u00adstreit\u00adbeilegung\/Universal\u00adschlichtungs\u00adstelle<\/h2>\n\n\n\n<p>Wir sind nicht bereit oder verpflichtet, an Streitbeilegungsverfahren vor einer Verbraucherschlichtungsstelle teilzunehmen.<\/p>\n\n\n\n<p>Design und Umsetzung: <a href=\"https:\/\/jp-labs.de\">J&amp;P Media Labs GmbH<\/a><\/p>\n","protected":false},"excerpt":{"rendered":"<p>Angaben gem\u00e4\u00df \u00a7 5 DDG Medizinisches Versorgungszentrum (MVZ) Wesermarsch-Nord GmbHIlsestra\u00dfe 1526954 Nordenham Handelsregister: HRB 217457Registergericht: Amtsgericht Oldenburg Vertreten durch:Volker Blohm, Sindy Nestler Kontakt Telefon: 04401\/927-512E-Mail: info@rvz-wesermarsch.de Postadresse R\u00f6nnelstra\u00dfe 1026919 Brake (Unterweser) Redaktionell verantwortlich Volker BlohmIlsestra\u00dfe 1526954 Nordenham Verbraucher\u00adstreit\u00adbeilegung\/Universal\u00adschlichtungs\u00adstelle Wir sind nicht bereit oder verpflichtet, an Streitbeilegungsverfahren vor einer Verbraucherschlichtungsstelle teilzunehmen. Design und Umsetzung: J&amp;P Media [&hellip;]<\/p>\n","protected":false},"author":1,"featured_media":0,"parent":0,"menu_order":0,"comment_status":"closed","ping_status":"closed","template":"","meta":{"footnotes":""},"class_list":["post-877","page","type-page","status-publish","hentry"],"yoast_head":"<!-- This site is optimized with the Yoast SEO plugin v27.1.1 - https:\/\/yoast.com\/product\/yoast-seo-wordpress\/ -->\n<title>Impressum - RVZ Wesermarsch-Nord<\/title>\n<meta name=\"robots\" content=\"noindex, nofollow\" \/>\n<meta property=\"og:locale\" content=\"de_DE\" \/>\n<meta property=\"og:type\" content=\"article\" \/>\n<meta property=\"og:title\" content=\"Impressum - RVZ Wesermarsch-Nord\" \/>\n<meta property=\"og:description\" content=\"Angaben gem\u00e4\u00df \u00a7 5 DDG Medizinisches Versorgungszentrum (MVZ) Wesermarsch-Nord GmbHIlsestra\u00dfe 1526954 Nordenham Handelsregister: HRB 217457Registergericht: Amtsgericht Oldenburg Vertreten durch:Volker Blohm, Sindy Nestler Kontakt Telefon: 04401\/927-512E-Mail: info@rvz-wesermarsch.de Postadresse R\u00f6nnelstra\u00dfe 1026919 Brake (Unterweser) Redaktionell verantwortlich Volker BlohmIlsestra\u00dfe 1526954 Nordenham Verbraucher\u00adstreit\u00adbeilegung\/Universal\u00adschlichtungs\u00adstelle Wir sind nicht bereit oder verpflichtet, an Streitbeilegungsverfahren vor einer Verbraucherschlichtungsstelle teilzunehmen. Design und Umsetzung: J&amp;P Media [&hellip;]\" \/>\n<meta property=\"og:url\" content=\"https:\/\/rvz-wesermarsch.de\/index.php\/impressum\/\" \/>\n<meta property=\"og:site_name\" content=\"RVZ Wesermarsch-Nord\" \/>\n<meta property=\"article:modified_time\" content=\"2025-09-02T10:32:31+00:00\" \/>\n<meta name=\"twitter:card\" content=\"summary_large_image\" \/>\n<meta name=\"twitter:label1\" content=\"Gesch\u00e4tzte Lesezeit\" \/>\n\t<meta name=\"twitter:data1\" content=\"1\u00a0Minute\" \/>\n<script type=\"application\/ld+json\" class=\"yoast-schema-graph\">{\"@context\":\"https:\/\/schema.org\",\"@graph\":[{\"@type\":\"WebPage\",\"@id\":\"https:\/\/rvz-wesermarsch.de\/index.php\/impressum\/\",\"url\":\"https:\/\/rvz-wesermarsch.de\/index.php\/impressum\/\",\"name\":\"Impressum - RVZ Wesermarsch-Nord\",\"isPartOf\":{\"@id\":\"https:\/\/rvz-wesermarsch.de\/#website\"},\"datePublished\":\"2022-05-23T08:25:31+00:00\",\"dateModified\":\"2025-09-02T10:32:31+00:00\",\"breadcrumb\":{\"@id\":\"https:\/\/rvz-wesermarsch.de\/index.php\/impressum\/#breadcrumb\"},\"inLanguage\":\"de\",\"potentialAction\":[{\"@type\":\"ReadAction\",\"target\":[\"https:\/\/rvz-wesermarsch.de\/index.php\/impressum\/\"]}]},{\"@type\":\"BreadcrumbList\",\"@id\":\"https:\/\/rvz-wesermarsch.de\/index.php\/impressum\/#breadcrumb\",\"itemListElement\":[{\"@type\":\"ListItem\",\"position\":1,\"name\":\"Startseite\",\"item\":\"https:\/\/rvz-wesermarsch.de\/\"},{\"@type\":\"ListItem\",\"position\":2,\"name\":\"Impressum\"}]},{\"@type\":\"WebSite\",\"@id\":\"https:\/\/rvz-wesermarsch.de\/#website\",\"url\":\"https:\/\/rvz-wesermarsch.de\/\",\"name\":\"RVZ Wesermarsch-Nord\",\"description\":\"Ihr regionales Versorgungszentrum\",\"publisher\":{\"@id\":\"https:\/\/rvz-wesermarsch.de\/#organization\"},\"potentialAction\":[{\"@type\":\"SearchAction\",\"target\":{\"@type\":\"EntryPoint\",\"urlTemplate\":\"https:\/\/rvz-wesermarsch.de\/?s={search_term_string}\"},\"query-input\":{\"@type\":\"PropertyValueSpecification\",\"valueRequired\":true,\"valueName\":\"search_term_string\"}}],\"inLanguage\":\"de\"},{\"@type\":\"Organization\",\"@id\":\"https:\/\/rvz-wesermarsch.de\/#organization\",\"name\":\"Medizinisches Versorgungszentrum (MVZ) Wesermarsch-Nord GmbH\",\"url\":\"https:\/\/rvz-wesermarsch.de\/\",\"logo\":{\"@type\":\"ImageObject\",\"inLanguage\":\"de\",\"@id\":\"https:\/\/rvz-wesermarsch.de\/#\/schema\/logo\/image\/\",\"url\":\"https:\/\/rvz-wesermarsch.de\/wp-content\/uploads\/2022\/05\/B-MBE-20037_Logo_Regionales_Versorgungszentrum_WesermarschNord_RGB.png\",\"contentUrl\":\"https:\/\/rvz-wesermarsch.de\/wp-content\/uploads\/2022\/05\/B-MBE-20037_Logo_Regionales_Versorgungszentrum_WesermarschNord_RGB.png\",\"width\":8822,\"height\":3432,\"caption\":\"Medizinisches Versorgungszentrum (MVZ) Wesermarsch-Nord GmbH\"},\"image\":{\"@id\":\"https:\/\/rvz-wesermarsch.de\/#\/schema\/logo\/image\/\"}}]}<\/script>\n<!-- \/ Yoast SEO plugin. -->","yoast_head_json":{"title":"Impressum - RVZ Wesermarsch-Nord","robots":{"index":"noindex","follow":"nofollow"},"og_locale":"de_DE","og_type":"article","og_title":"Impressum - RVZ Wesermarsch-Nord","og_description":"Angaben gem\u00e4\u00df \u00a7 5 DDG Medizinisches Versorgungszentrum (MVZ) Wesermarsch-Nord GmbHIlsestra\u00dfe 1526954 Nordenham Handelsregister: HRB 217457Registergericht: Amtsgericht Oldenburg Vertreten durch:Volker Blohm, Sindy Nestler Kontakt Telefon: 04401\/927-512E-Mail: info@rvz-wesermarsch.de Postadresse R\u00f6nnelstra\u00dfe 1026919 Brake (Unterweser) Redaktionell verantwortlich Volker BlohmIlsestra\u00dfe 1526954 Nordenham Verbraucher\u00adstreit\u00adbeilegung\/Universal\u00adschlichtungs\u00adstelle Wir sind nicht bereit oder verpflichtet, an Streitbeilegungsverfahren vor einer Verbraucherschlichtungsstelle teilzunehmen. Design und Umsetzung: J&amp;P Media [&hellip;]","og_url":"https:\/\/rvz-wesermarsch.de\/index.php\/impressum\/","og_site_name":"RVZ Wesermarsch-Nord","article_modified_time":"2025-09-02T10:32:31+00:00","twitter_card":"summary_large_image","twitter_misc":{"Gesch\u00e4tzte Lesezeit":"1\u00a0Minute"},"schema":{"@context":"https:\/\/schema.org","@graph":[{"@type":"WebPage","@id":"https:\/\/rvz-wesermarsch.de\/index.php\/impressum\/","url":"https:\/\/rvz-wesermarsch.de\/index.php\/impressum\/","name":"Impressum - RVZ Wesermarsch-Nord","isPartOf":{"@id":"https:\/\/rvz-wesermarsch.de\/#website"},"datePublished":"2022-05-23T08:25:31+00:00","dateModified":"2025-09-02T10:32:31+00:00","breadcrumb":{"@id":"https:\/\/rvz-wesermarsch.de\/index.php\/impressum\/#breadcrumb"},"inLanguage":"de","potentialAction":[{"@type":"ReadAction","target":["https:\/\/rvz-wesermarsch.de\/index.php\/impressum\/"]}]},{"@type":"BreadcrumbList","@id":"https:\/\/rvz-wesermarsch.de\/index.php\/impressum\/#breadcrumb","itemListElement":[{"@type":"ListItem","position":1,"name":"Startseite","item":"https:\/\/rvz-wesermarsch.de\/"},{"@type":"ListItem","position":2,"name":"Impressum"}]},{"@type":"WebSite","@id":"https:\/\/rvz-wesermarsch.de\/#website","url":"https:\/\/rvz-wesermarsch.de\/","name":"RVZ Wesermarsch-Nord","description":"Ihr regionales Versorgungszentrum","publisher":{"@id":"https:\/\/rvz-wesermarsch.de\/#organization"},"potentialAction":[{"@type":"SearchAction","target":{"@type":"EntryPoint","urlTemplate":"https:\/\/rvz-wesermarsch.de\/?s={search_term_string}"},"query-input":{"@type":"PropertyValueSpecification","valueRequired":true,"valueName":"search_term_string"}}],"inLanguage":"de"},{"@type":"Organization","@id":"https:\/\/rvz-wesermarsch.de\/#organization","name":"Medizinisches Versorgungszentrum (MVZ) Wesermarsch-Nord GmbH","url":"https:\/\/rvz-wesermarsch.de\/","logo":{"@type":"ImageObject","inLanguage":"de","@id":"https:\/\/rvz-wesermarsch.de\/#\/schema\/logo\/image\/","url":"https:\/\/rvz-wesermarsch.de\/wp-content\/uploads\/2022\/05\/B-MBE-20037_Logo_Regionales_Versorgungszentrum_WesermarschNord_RGB.png","contentUrl":"https:\/\/rvz-wesermarsch.de\/wp-content\/uploads\/2022\/05\/B-MBE-20037_Logo_Regionales_Versorgungszentrum_WesermarschNord_RGB.png","width":8822,"height":3432,"caption":"Medizinisches Versorgungszentrum (MVZ) Wesermarsch-Nord GmbH"},"image":{"@id":"https:\/\/rvz-wesermarsch.de\/#\/schema\/logo\/image\/"}}]}},"_links":{"self":[{"href":"https:\/\/rvz-wesermarsch.de\/index.php\/wp-json\/wp\/v2\/pages\/877","targetHints":{"allow":["GET"]}}],"collection":[{"href":"https:\/\/rvz-wesermarsch.de\/index.php\/wp-json\/wp\/v2\/pages"}],"about":[{"href":"https:\/\/rvz-wesermarsch.de\/index.php\/wp-json\/wp\/v2\/types\/page"}],"author":[{"embeddable":true,"href":"https:\/\/rvz-wesermarsch.de\/index.php\/wp-json\/wp\/v2\/users\/1"}],"replies":[{"embeddable":true,"href":"https:\/\/rvz-wesermarsch.de\/index.php\/wp-json\/wp\/v2\/comments?post=877"}],"version-history":[{"count":4,"href":"https:\/\/rvz-wesermarsch.de\/index.php\/wp-json\/wp\/v2\/pages\/877\/revisions"}],"predecessor-version":[{"id":1010,"href":"https:\/\/rvz-wesermarsch.de\/index.php\/wp-json\/wp\/v2\/pages\/877\/revisions\/1010"}],"wp:attachment":[{"href":"https:\/\/rvz-wesermarsch.de\/index.php\/wp-json\/wp\/v2\/media?parent=877"}],"curies":[{"name":"wp","href":"https:\/\/api.w.org\/{rel}","templated":true}]}}